{"id":5356,"date":"2020-03-19T15:11:01","date_gmt":"2020-03-19T19:11:01","guid":{"rendered":"https:\/\/tajindiancuisine.com\/?page_id=5356"},"modified":"2020-04-29T12:24:50","modified_gmt":"2020-04-29T16:24:50","slug":"taj-spice-ad","status":"publish","type":"page","link":"https:\/\/tajindiancuisine.com\/fr\/taj-spice-ad\/","title":{"rendered":"(English) Taj Spice ad"},"content":{"rendered":"<p class=\"qtranxs-available-languages-message qtranxs-available-languages-message-fr\">D\u00e9sol\u00e9, cet article est seulement disponible en <a href=\"https:\/\/tajindiancuisine.com\/en\/wp-json\/wp\/v2\/pages\/5356\" class=\"qtranxs-available-language-link qtranxs-available-language-link-en\" title=\"English\">Anglais Am\u00e9ricain<\/a>.<\/p>","protected":false},"excerpt":{"rendered":"<p>D\u00e9sol\u00e9, cet article est seulement disponible en Anglais Am\u00e9ricain.<\/p>\n","protected":false},"author":1,"featured_media":0,"parent":0,"menu_order":6,"comment_status":"closed","ping_status":"closed","template":"","meta":[],"_links":{"self":[{"href":"https:\/\/tajindiancuisine.com\/fr\/wp-json\/wp\/v2\/pages\/5356"}],"collection":[{"href":"https:\/\/tajindiancuisine.com\/fr\/wp-json\/wp\/v2\/pages"}],"about":[{"href":"https:\/\/tajindiancuisine.com\/fr\/wp-json\/wp\/v2\/types\/page"}],"author":[{"embeddable":true,"href":"https:\/\/tajindiancuisine.com\/fr\/wp-json\/wp\/v2\/users\/1"}],"replies":[{"embeddable":true,"href":"https:\/\/tajindiancuisine.com\/fr\/wp-json\/wp\/v2\/comments?post=5356"}],"version-history":[{"count":2,"href":"https:\/\/tajindiancuisine.com\/fr\/wp-json\/wp\/v2\/pages\/5356\/revisions"}],"predecessor-version":[{"id":5358,"href":"https:\/\/tajindiancuisine.com\/fr\/wp-json\/wp\/v2\/pages\/5356\/revisions\/5358"}],"wp:attachment":[{"href":"https:\/\/tajindiancuisine.com\/fr\/wp-json\/wp\/v2\/media?parent=5356"}],"curies":[{"name":"wp","href":"https:\/\/api.w.org\/{rel}","templated":true}]}}